{"id":6945,"date":"2017-09-03T02:44:53","date_gmt":"2017-09-03T02:44:53","guid":{"rendered":"https:\/\/orthopedic-pro.com\/contact\/"},"modified":"2026-04-14T07:48:33","modified_gmt":"2026-04-14T07:48:33","slug":"contact","status":"publish","type":"page","link":"https:\/\/orthopedic-pro.com\/de\/contact\/","title":{"rendered":"Kontakt"},"content":{"rendered":"[vc_row type=&#8220;full_width_background&#8220; full_screen_row_position=&#8220;middle&#8220; column_margin=&#8220;default&#8220; column_direction=&#8220;default&#8220; column_direction_tablet=&#8220;column_reverse&#8220; column_direction_phone=&#8220;column_reverse&#8220; scene_position=&#8220;center&#8220; top_padding=&#8220;5%&#8220; bottom_padding=&#8220;2%&#8220; text_color=&#8220;dark&#8220; text_align=&#8220;left&#8220; row_border_radius=&#8220;none&#8220; row_border_radius_applies=&#8220;bg&#8220; row_position_desktop=&#8220;default&#8220; row_position_tablet=&#8220;inherit&#8220; row_position_phone=&#8220;inherit&#8220; overflow=&#8220;visible&#8220; overlay_strength=&#8220;0.3&#8243; gradient_direction=&#8220;left_to_right&#8220; shape_divider_position=&#8220;bottom&#8220; bg_image_animation=&#8220;none&#8220; shape_type=&#8220;&#8220; gradient_type=&#8220;default&#8220;][vc_column column_padding=&#8220;padding-2-percent&#8220; column_padding_tablet=&#8220;inherit&#8220; column_padding_phone=&#8220;inherit&#8220; column_padding_position=&#8220;right&#8220; flex_gap_desktop=&#8220;10px&#8220; column_element_direction_desktop=&#8220;default&#8220; column_element_spacing=&#8220;default&#8220; desktop_text_alignment=&#8220;default&#8220; tablet_text_alignment=&#8220;default&#8220; phone_text_alignment=&#8220;default&#8220; background_color_opacity=&#8220;1&#8243; background_hover_color_opacity=&#8220;1&#8243; column_backdrop_filter=&#8220;none&#8220; column_shadow=&#8220;none&#8220; column_border_radius=&#8220;none&#8220; column_link_target=&#8220;_self&#8220; column_position=&#8220;default&#8220; gradient_direction=&#8220;left_to_right&#8220; overlay_strength=&#8220;0.3&#8243; width=&#8220;7\/12&#8243; tablet_width_inherit=&#8220;default&#8220; animation_type=&#8220;default&#8220; bg_image_animation=&#8220;none&#8220; border_type=&#8220;simple&#8220; column_border_width=&#8220;none&#8220; column_border_style=&#8220;solid&#8220;][vc_column_text css=&#8220;&#8220; text_direction=&#8220;default&#8220;]\n<div class=\"wpcf7 no-js\" id=\"wpcf7-f6944-o1\" lang=\"de-DE\" dir=\"ltr\" data-wpcf7-id=\"6944\">\n<div class=\"screen-reader-response\"><p role=\"status\" aria-live=\"polite\" aria-atomic=\"true\"><\/p> <ul><\/ul><\/div>\n<form action=\"\/de\/wp-json\/wp\/v2\/pages\/6945#wpcf7-f6944-o1\" method=\"post\" class=\"wpcf7-form init\" aria-label=\"Kontaktformular\" novalidate=\"novalidate\" data-status=\"init\">\n<fieldset class=\"hidden-fields-container\"><input type=\"hidden\" name=\"_wpcf7\" value=\"6944\" \/><input type=\"hidden\" name=\"_wpcf7_version\" value=\"6.1.5\" \/><input type=\"hidden\" name=\"_wpcf7_locale\" value=\"de_DE\" \/><input type=\"hidden\" name=\"_wpcf7_unit_tag\" value=\"wpcf7-f6944-o1\" \/><input type=\"hidden\" name=\"_wpcf7_container_post\" value=\"0\" \/><input type=\"hidden\" name=\"_wpcf7_posted_data_hash\" value=\"\" \/>\n<\/fieldset>\n<p><label> Ihr Name<br \/>\n<span class=\"wpcf7-form-control-wrap\" data-name=\"your-name\"><input size=\"40\" maxlength=\"400\" class=\"wpcf7-form-control wpcf7-text wpcf7-validates-as-required\" autocomplete=\"name\" aria-required=\"true\" aria-invalid=\"false\" value=\"\" type=\"text\" name=\"your-name\" \/><\/span> <\/label>\n<\/p>\n<p><label> Ihre E-Mail-Adresse<br \/>\n<span class=\"wpcf7-form-control-wrap\" data-name=\"your-email\"><input size=\"40\" maxlength=\"400\" class=\"wpcf7-form-control wpcf7-email wpcf7-validates-as-required wpcf7-text wpcf7-validates-as-email\" autocomplete=\"email\" aria-required=\"true\" aria-invalid=\"false\" value=\"\" type=\"email\" name=\"your-email\" \/><\/span> <\/label>\n<\/p>\n<p><label> Betreff<br \/>\n<span class=\"wpcf7-form-control-wrap\" data-name=\"your-subject\"><input size=\"40\" maxlength=\"400\" class=\"wpcf7-form-control wpcf7-text wpcf7-validates-as-required\" aria-required=\"true\" aria-invalid=\"false\" value=\"\" type=\"text\" name=\"your-subject\" \/><\/span> <\/label>\n<\/p>\n<p><label> Ihre Nachricht<br \/>\n<span class=\"wpcf7-form-control-wrap\" data-name=\"your-message\"><textarea cols=\"40\" rows=\"10\" maxlength=\"2000\" class=\"wpcf7-form-control wpcf7-textarea wpcf7-validates-as-required\" aria-required=\"true\" aria-invalid=\"false\" name=\"your-message\"><\/textarea><\/span> <\/label><br \/>\n<span class=\"wpcf7-form-control-wrap\" data-name=\"acceptance-900\"><span class=\"wpcf7-form-control wpcf7-acceptance\"><span class=\"wpcf7-list-item\"><label><input type=\"checkbox\" name=\"acceptance-900\" value=\"1\" aria-invalid=\"false\" \/><span class=\"wpcf7-list-item-label\">EINVERSTANDEN <\/br>\nWir informieren Sie, dass wir Cookies in dieser Website benutzen, um geeignete Surfqualit\u00e4t zu sichern. Wenn Sie damit einverstanden sind, klicken Sie \u201eEINVERSTANDEN\u201c. Sie k\u00f6nnen immer die gew\u00e4hrte Zustimmung bei der \u00c4nderung der Parameter Ihres Browsers und L\u00f6schung eingetragener Cookies widerrufen. Mehr Information \u00fcber die Benutzung der Cookies kann man in der <a href=\"\/privacy-policy\/\">Datenschutzrichtlinie<\/a> finden.<\/span><\/label><\/span><\/span><\/span><br \/>\n<input class=\"wpcf7-form-control wpcf7-submit has-spinner\" type=\"submit\" value=\"Senden\" \/>\n<\/p><p style=\"display: none !important;\" class=\"akismet-fields-container\" data-prefix=\"_wpcf7_ak_\"><label>&#916;<textarea name=\"_wpcf7_ak_hp_textarea\" cols=\"45\" rows=\"8\" maxlength=\"100\"><\/textarea><\/label><input type=\"hidden\" id=\"ak_js_1\" name=\"_wpcf7_ak_js\" value=\"135\"\/><script>document.getElementById( \"ak_js_1\" ).setAttribute( \"value\", ( new Date() ).getTime() );<\/script><\/p><div class=\"wpcf7-response-output\" aria-hidden=\"true\"><\/div>\n<\/form>\n<\/div>\n[\/vc_column_text][\/vc_column][vc_column column_padding=&#8220;padding-4-percent&#8220; column_padding_tablet=&#8220;inherit&#8220; column_padding_phone=&#8220;inherit&#8220; column_padding_position=&#8220;left-right&#8220; bottom_margin=&#8220;30&#8243; column_element_direction_desktop=&#8220;default&#8220; column_element_spacing=&#8220;default&#8220; desktop_text_alignment=&#8220;default&#8220; tablet_text_alignment=&#8220;default&#8220; phone_text_alignment=&#8220;default&#8220; background_color_opacity=&#8220;1&#8243; background_hover_color_opacity=&#8220;1&#8243; column_backdrop_filter=&#8220;none&#8220; column_shadow=&#8220;none&#8220; column_border_radius=&#8220;none&#8220; column_link_target=&#8220;_self&#8220; column_position=&#8220;default&#8220; gradient_direction=&#8220;left_to_right&#8220; overlay_strength=&#8220;0.3&#8243; width=&#8220;5\/12&#8243; tablet_width_inherit=&#8220;default&#8220; animation_type=&#8220;default&#8220; bg_image_animation=&#8220;none&#8220; border_type=&#8220;simple&#8220; column_border_width=&#8220;none&#8220; column_border_style=&#8220;solid&#8220; column_padding_type=&#8220;default&#8220; content_layout=&#8220;default&#8220; gradient_type=&#8220;default&#8220;][vc_column_text css=&#8220;.vc_custom_1772023750495{margin-bottom: 30px !important;}&#8220; text_direction=&#8220;default&#8220;]\n<h2>Bei Fragen wenden Sie sich bitte an uns.<\/h2>\n[\/vc_column_text][vc_custom_heading text=&#8220;Rufen Sie uns direkt an.&#8220; font_container=&#8220;tag:p|text_align:left|color:rgba(0%2C0%2C0%2C0.5)&#8220; use_theme_fonts=&#8220;yes&#8220; css=&#8220;.vc_custom_1772023767243{margin-bottom: -20px !important;}&#8220;][vc_column_text css=&#8220;&#8220; text_direction=&#8220;default&#8220;]\n<h4><a href=\"tel:+37037312686\">+370 (37) 312686<\/a><\/h4>\n<h4><a href=\"tel:+37066528542\">+370 (665) 28542<\/a><\/h4>\n[\/vc_column_text][vc_custom_heading text=&#8220;Kontaktaufnahme per E-Mail&#8220; font_container=&#8220;tag:p|text_align:left|color:rgba(0%2C0%2C0%2C0.5)&#8220; use_theme_fonts=&#8220;yes&#8220; css=&#8220;.vc_custom_1772023782715{margin-bottom: -20px !important;}&#8220;][vc_column_text css=&#8220;&#8220; text_direction=&#8220;default&#8220;]\n<h4><a href=\"mailto:info@orthopedic-pro.com\">info@orthopedic-pro.com<\/a><\/h4>\n[\/vc_column_text][vc_custom_heading text=&#8220;Export-, Produktions- und Beschaffungsabteilungen,<br \/>\nAnschrift f\u00fcr Lieferungen (Materialien, Bestellungen):&#8220; font_container=&#8220;tag:p|text_align:left|color:rgba(0%2C0%2C0%2C0.5)&#8220; use_theme_fonts=&#8220;yes&#8220; css=&#8220;.vc_custom_1772023799315{margin-bottom: -20px !important;}&#8220;][vc_column_text css=&#8220;&#8220; text_direction=&#8220;default&#8220;]\n<h4><a href=\"https:\/\/maps.app.goo.gl\/1miqWpsxtz4pYCgc8\" target=\"_blank\" rel=\"noopener\">Kr\u0117v\u0117s pr. 129,<br \/>\nLT-50312 Kaunas<br \/>\nLithuania<\/a><\/h4>\n[\/vc_column_text][vc_custom_heading text=&#8220;Adresse der Gesch\u00e4ftsleitung,<br \/>\nOffizielle Firmenadresse f\u00fcr Rechnungen und Vertr\u00e4ge:&#8220; font_container=&#8220;tag:p|text_align:left|color:rgba(0%2C0%2C0%2C0.5)&#8220; use_theme_fonts=&#8220;yes&#8220; css=&#8220;.vc_custom_1772023826930{margin-bottom: -20px !important;}&#8220;][vc_column_text css=&#8220;&#8220; text_direction=&#8220;default&#8220;]\n<h4><a href=\"https:\/\/maps.app.goo.gl\/gPXoSff1THzFhvDw8\" target=\"_blank\" rel=\"noopener\">Partizan\u0173 str. 17,<br \/>\nLT-49476 Kaunas<br \/>\nLithuania<\/a><\/h4>\n<h4><\/h4>\n[\/vc_column_text][\/vc_column][\/vc_row]\n","protected":false},"excerpt":{"rendered":"<p>[vc_row type=&#8220;full_width_background&#8220; full_screen_row_position=&#8220;middle&#8220; column_margin=&#8220;default&#8220; column_direction=&#8220;default&#8220; column_direction_tablet=&#8220;column_reverse&#8220; column_direction_phone=&#8220;column_reverse&#8220; scene_position=&#8220;center&#8220; top_padding=&#8220;5%&#8220; bottom_padding=&#8220;2%&#8220; text_color=&#8220;dark&#8220; text_align=&#8220;left&#8220; row_border_radius=&#8220;none&#8220; row_border_radius_applies=&#8220;bg&#8220; row_position_desktop=&#8220;default&#8220; row_position_tablet=&#8220;inherit&#8220; row_position_phone=&#8220;inherit&#8220; overflow=&#8220;visible&#8220; overlay_strength=&#8220;0.3&#8243; gradient_direction=&#8220;left_to_right&#8220; shape_divider_position=&#8220;bottom&#8220; bg_image_animation=&#8220;none&#8220; shape_type=&#8220;&#8220; gradient_type=&#8220;default&#8220;][vc_column column_padding=&#8220;padding-2-percent&#8220;&#8230;<\/p>\n","protected":false},"author":1,"featured_media":0,"parent":0,"menu_order":0,"comment_status":"closed","ping_status":"closed","template":"","meta":{"inline_featured_image":false,"footnotes":""},"class_list":["post-6945","page","type-page","status-publish"],"yoast_head":"<!-- This site is optimized with the Yoast SEO plugin v27.4 - https:\/\/yoast.com\/product\/yoast-seo-wordpress\/ -->\n<title>Kontakt - Ortopedijos Technika<\/title>\n<meta name=\"description\" content=\"Kontaktieren Sie unser orthop\u00e4disches Fertigungsteam in Litauen. F\u00fcr Anfragen, Zusammenarbeit und Produktionsunterst\u00fctzung.\" \/>\n<meta name=\"robots\" content=\"index, follow, max-snippet:-1, max-image-preview:large, max-video-preview:-1\" \/>\n<link rel=\"canonical\" href=\"https:\/\/orthopedic-pro.com\/de\/contact\/\" \/>\n<meta property=\"og:locale\" content=\"de_DE\" \/>\n<meta property=\"og:type\" content=\"article\" \/>\n<meta property=\"og:title\" content=\"Kontakt - Ortopedijos Technika\" \/>\n<meta property=\"og:description\" content=\"Kontaktieren Sie unser orthop\u00e4disches Fertigungsteam in Litauen. F\u00fcr Anfragen, Zusammenarbeit und Produktionsunterst\u00fctzung.\" \/>\n<meta property=\"og:url\" content=\"https:\/\/orthopedic-pro.com\/de\/contact\/\" \/>\n<meta property=\"og:site_name\" content=\"Ortopedijos Technika\" \/>\n<meta property=\"article:modified_time\" content=\"2026-04-14T07:48:33+00:00\" \/>\n<meta name=\"twitter:card\" content=\"summary_large_image\" \/>\n<meta name=\"twitter:label1\" content=\"Gesch\u00e4tzte Lesezeit\" \/>\n\t<meta name=\"twitter:data1\" content=\"1\u00a0Minute\" \/>\n<script type=\"application\/ld+json\" class=\"yoast-schema-graph\">{\"@context\":\"https:\\\/\\\/schema.org\",\"@graph\":[{\"@type\":\"WebPage\",\"@id\":\"https:\\\/\\\/orthopedic-pro.com\\\/de\\\/contact\\\/\",\"url\":\"https:\\\/\\\/orthopedic-pro.com\\\/de\\\/contact\\\/\",\"name\":\"Kontakt - Ortopedijos Technika\",\"isPartOf\":{\"@id\":\"https:\\\/\\\/lavender-snail-397695.hostingersite.com\\\/#website\"},\"datePublished\":\"2017-09-03T02:44:53+00:00\",\"dateModified\":\"2026-04-14T07:48:33+00:00\",\"description\":\"Kontaktieren Sie unser orthop\u00e4disches Fertigungsteam in Litauen. F\u00fcr Anfragen, Zusammenarbeit und Produktionsunterst\u00fctzung.\",\"breadcrumb\":{\"@id\":\"https:\\\/\\\/orthopedic-pro.com\\\/de\\\/contact\\\/#breadcrumb\"},\"inLanguage\":\"de\",\"potentialAction\":[{\"@type\":\"ReadAction\",\"target\":[\"https:\\\/\\\/orthopedic-pro.com\\\/de\\\/contact\\\/\"]}]},{\"@type\":\"BreadcrumbList\",\"@id\":\"https:\\\/\\\/orthopedic-pro.com\\\/de\\\/contact\\\/#breadcrumb\",\"itemListElement\":[{\"@type\":\"ListItem\",\"position\":1,\"name\":\"Home\",\"item\":\"https:\\\/\\\/orthopedic-pro.com\\\/de\\\/\"},{\"@type\":\"ListItem\",\"position\":2,\"name\":\"Kontakt\"}]},{\"@type\":\"WebSite\",\"@id\":\"https:\\\/\\\/lavender-snail-397695.hostingersite.com\\\/#website\",\"url\":\"https:\\\/\\\/lavender-snail-397695.hostingersite.com\\\/\",\"name\":\"Ortopedijos Technika\",\"description\":\"Manufacture of orthopedic products embraces developing and producing the highest-standard, customized orthopedic solutions for custom made footwear.\",\"publisher\":{\"@id\":\"https:\\\/\\\/lavender-snail-397695.hostingersite.com\\\/#organization\"},\"potentialAction\":[{\"@type\":\"SearchAction\",\"target\":{\"@type\":\"EntryPoint\",\"urlTemplate\":\"https:\\\/\\\/lavender-snail-397695.hostingersite.com\\\/?s={search_term_string}\"},\"query-input\":{\"@type\":\"PropertyValueSpecification\",\"valueRequired\":true,\"valueName\":\"search_term_string\"}}],\"inLanguage\":\"de\"},{\"@type\":\"Organization\",\"@id\":\"https:\\\/\\\/lavender-snail-397695.hostingersite.com\\\/#organization\",\"name\":\"Ortopedijos Technika\",\"url\":\"https:\\\/\\\/lavender-snail-397695.hostingersite.com\\\/\",\"logo\":{\"@type\":\"ImageObject\",\"inLanguage\":\"de\",\"@id\":\"https:\\\/\\\/lavender-snail-397695.hostingersite.com\\\/#\\\/schema\\\/logo\\\/image\\\/\",\"url\":\"https:\\\/\\\/orthopedic-pro.com\\\/wp-content\\\/uploads\\\/2025\\\/09\\\/ot-logo.svg\",\"contentUrl\":\"https:\\\/\\\/orthopedic-pro.com\\\/wp-content\\\/uploads\\\/2025\\\/09\\\/ot-logo.svg\",\"width\":23,\"height\":9,\"caption\":\"Ortopedijos Technika\"},\"image\":{\"@id\":\"https:\\\/\\\/lavender-snail-397695.hostingersite.com\\\/#\\\/schema\\\/logo\\\/image\\\/\"}}]}<\/script>\n<!-- \/ Yoast SEO plugin. -->","yoast_head_json":{"title":"Kontakt - Ortopedijos Technika","description":"Kontaktieren Sie unser orthop\u00e4disches Fertigungsteam in Litauen. F\u00fcr Anfragen, Zusammenarbeit und Produktionsunterst\u00fctzung.","robots":{"index":"index","follow":"follow","max-snippet":"max-snippet:-1","max-image-preview":"max-image-preview:large","max-video-preview":"max-video-preview:-1"},"canonical":"https:\/\/orthopedic-pro.com\/de\/contact\/","og_locale":"de_DE","og_type":"article","og_title":"Kontakt - Ortopedijos Technika","og_description":"Kontaktieren Sie unser orthop\u00e4disches Fertigungsteam in Litauen. F\u00fcr Anfragen, Zusammenarbeit und Produktionsunterst\u00fctzung.","og_url":"https:\/\/orthopedic-pro.com\/de\/contact\/","og_site_name":"Ortopedijos Technika","article_modified_time":"2026-04-14T07:48:33+00:00","twitter_card":"summary_large_image","twitter_misc":{"Gesch\u00e4tzte Lesezeit":"1\u00a0Minute"},"schema":{"@context":"https:\/\/schema.org","@graph":[{"@type":"WebPage","@id":"https:\/\/orthopedic-pro.com\/de\/contact\/","url":"https:\/\/orthopedic-pro.com\/de\/contact\/","name":"Kontakt - Ortopedijos Technika","isPartOf":{"@id":"https:\/\/lavender-snail-397695.hostingersite.com\/#website"},"datePublished":"2017-09-03T02:44:53+00:00","dateModified":"2026-04-14T07:48:33+00:00","description":"Kontaktieren Sie unser orthop\u00e4disches Fertigungsteam in Litauen. F\u00fcr Anfragen, Zusammenarbeit und Produktionsunterst\u00fctzung.","breadcrumb":{"@id":"https:\/\/orthopedic-pro.com\/de\/contact\/#breadcrumb"},"inLanguage":"de","potentialAction":[{"@type":"ReadAction","target":["https:\/\/orthopedic-pro.com\/de\/contact\/"]}]},{"@type":"BreadcrumbList","@id":"https:\/\/orthopedic-pro.com\/de\/contact\/#breadcrumb","itemListElement":[{"@type":"ListItem","position":1,"name":"Home","item":"https:\/\/orthopedic-pro.com\/de\/"},{"@type":"ListItem","position":2,"name":"Kontakt"}]},{"@type":"WebSite","@id":"https:\/\/lavender-snail-397695.hostingersite.com\/#website","url":"https:\/\/lavender-snail-397695.hostingersite.com\/","name":"Ortopedijos Technika","description":"Manufacture of orthopedic products embraces developing and producing the highest-standard, customized orthopedic solutions for custom made footwear.","publisher":{"@id":"https:\/\/lavender-snail-397695.hostingersite.com\/#organization"},"potentialAction":[{"@type":"SearchAction","target":{"@type":"EntryPoint","urlTemplate":"https:\/\/lavender-snail-397695.hostingersite.com\/?s={search_term_string}"},"query-input":{"@type":"PropertyValueSpecification","valueRequired":true,"valueName":"search_term_string"}}],"inLanguage":"de"},{"@type":"Organization","@id":"https:\/\/lavender-snail-397695.hostingersite.com\/#organization","name":"Ortopedijos Technika","url":"https:\/\/lavender-snail-397695.hostingersite.com\/","logo":{"@type":"ImageObject","inLanguage":"de","@id":"https:\/\/lavender-snail-397695.hostingersite.com\/#\/schema\/logo\/image\/","url":"https:\/\/orthopedic-pro.com\/wp-content\/uploads\/2025\/09\/ot-logo.svg","contentUrl":"https:\/\/orthopedic-pro.com\/wp-content\/uploads\/2025\/09\/ot-logo.svg","width":23,"height":9,"caption":"Ortopedijos Technika"},"image":{"@id":"https:\/\/lavender-snail-397695.hostingersite.com\/#\/schema\/logo\/image\/"}}]}},"_links":{"self":[{"href":"https:\/\/orthopedic-pro.com\/de\/wp-json\/wp\/v2\/pages\/6945","targetHints":{"allow":["GET"]}}],"collection":[{"href":"https:\/\/orthopedic-pro.com\/de\/wp-json\/wp\/v2\/pages"}],"about":[{"href":"https:\/\/orthopedic-pro.com\/de\/wp-json\/wp\/v2\/types\/page"}],"author":[{"embeddable":true,"href":"https:\/\/orthopedic-pro.com\/de\/wp-json\/wp\/v2\/users\/1"}],"replies":[{"embeddable":true,"href":"https:\/\/orthopedic-pro.com\/de\/wp-json\/wp\/v2\/comments?post=6945"}],"version-history":[{"count":3,"href":"https:\/\/orthopedic-pro.com\/de\/wp-json\/wp\/v2\/pages\/6945\/revisions"}],"predecessor-version":[{"id":6997,"href":"https:\/\/orthopedic-pro.com\/de\/wp-json\/wp\/v2\/pages\/6945\/revisions\/6997"}],"wp:attachment":[{"href":"https:\/\/orthopedic-pro.com\/de\/wp-json\/wp\/v2\/media?parent=6945"}],"curies":[{"name":"wp","href":"https:\/\/api.w.org\/{rel}","templated":true}]}}